{"id":188,"date":"2019-08-25T11:57:08","date_gmt":"2019-08-25T09:57:08","guid":{"rendered":"http:\/\/landapothekerin.de\/?page_id=188"},"modified":"2024-08-20T15:39:13","modified_gmt":"2024-08-20T13:39:13","slug":"vita","status":"publish","type":"page","link":"https:\/\/landapothekerin.de\/?page_id=188","title":{"rendered":"Meine Vita"},"content":{"rendered":"\n<figure class=\"wp-block-table is-style-stripes\"><table><tbody><tr><td>1971- 1981<\/td><td>Abschluss 10. Klasse, Polytechnische Oberschule&nbsp;in&nbsp;Dresden<\/td><\/tr><tr><td>1981-1983<\/td><td>Lehrausbildung zum Apothekenfacharbeiter<\/td><\/tr><tr><td>1982-1984  <\/td><td>Abendstudium an der Volkshochschule, Erwerb des Abiturs<\/td><\/tr><tr><td>1983-1985<\/td><td>T\u00e4tigkeit als Apothekenfacharbeiter in der Abt.<br>Qualit\u00e4tssicherung d. Pharm. Zentrums<br>der Stadt Dresden (Analytik)<\/td><\/tr><tr><td>1985-1990 <\/td><td>Pharmaziestudium an der Martin-Luther-Universit\u00e4t<br>Halle-Wittenberg, Erhalt des akademischen<br>Grades&nbsp;&#8222;Diplompharmazeut&#8220;<\/td><\/tr><tr><td>10.06.1991<\/td><td>Approbation als <strong>Apothekerin<\/strong><\/td><\/tr><tr><td>1990-1993<\/td><td>Arzneimittelwerk Dresden GmbH;<br>Fachgebietsverantwortliche Bereich Klinische Pr\u00fcfung<\/td><\/tr><tr><td>1993-2005 <\/td><td><strong>Beratungsapothekerin bei der AOK Sachsen<\/strong>;<br>Abschluss Sozialversicherungsfachangestellter;<br>Schwerpunkt allgemeine Krankenversicherung<\/td><\/tr><tr><td>2005-2009<\/td><td>Selbstst\u00e4ndigkeit als Dienstleisterin f\u00fcr Apotheken;<br>Dozentin\/Autorin im Rahmen Aus-, Weiter- und<br>Fortbildung pharmazeutischer\/medizinischer Berufe<br>T\u00e4tigkeit als Pseudo-Customer f\u00fcr Apotheken<br>Berufsabschluss als <strong>Heilpraktikerin<\/strong> und Praxist\u00e4tigkeit<\/td><\/tr><tr><td>2009-2012<\/td><td>Arbeit als Apothekerin\/Filialleiterin in<br>\u00f6ffentlichen Apotheken<\/td><\/tr><tr><td>2012-2016<\/td><td><strong>Beratungsapothekerin<\/strong> bei der<br>Kassen\u00e4rztlichen Vereinigung Sachsen<\/td><\/tr><tr><td>seit 2016<\/td><td>Arbeit als Apothekerin in der Mohren-Apotheke Radeberg<\/td><\/tr><tr><td><br>Nov. 2019 bis<br>M\u00e4rz 2022<\/td><td>Hauptberufliche Selbstst\u00e4ndigkeit als Apothekerin<br>f\u00fcr Fortbildungs- und Beratungsprojekte in Apotheken <br>einschlie\u00dflich der T\u00e4tigkeit im Seminarzentrum &#8222;Treffpunkt Natur und Gesundheit&#8220;<\/td><\/tr><tr><td>ab 2020<\/td><td>Gr\u00fcndung eines Seminarzentrums<br>&#8222;Treffpunkt Natur und Gesundheit&#8220; in Dresden-Langebr\u00fcck;<br>T\u00e4tigkeit als &#8222;<strong>Landapothekerin<\/strong>&#8220; mit eigenen<br>Bildungs- und Fortbildungsprojekten <\/td><\/tr><tr><td>seit Juni 2022<\/td><td>Nebenberufliche T\u00e4tigkeit als Apothekerin <br>f\u00fcr Fortbildungs- und Beratungsprojekte in Apotheken;<br>Vortragst\u00e4tigkeit f\u00fcr Pharmaziestudenten, Selbsthilfegruppen, Seniorengruppen, Bibliotheken, Vereine, Firmen sowie Vortr\u00e4ge und Kurse im Seminarzentrum \u201cTreffpunkt Natur und Gesundheit&#8220;.<br><\/td><\/tr><\/tbody><\/table><\/figure>\n","protected":false},"excerpt":{"rendered":"<p>1971- 1981 Abschluss 10. Klasse, Polytechnische Oberschule&nbsp;in&nbsp;Dresden 1981-1983 Lehrausbildung zum Apothekenfacharbeiter 1982-1984 Abendstudium an der Volkshochschule, Erwerb des Abiturs 1983-1985 T\u00e4tigkeit als Apothekenfacharbeiter in der Abt.Qualit\u00e4tssicherung d. Pharm. Zentrumsder Stadt Dresden (Analytik) 1985-1990 Pharmaziestudium an der Martin-Luther-Universit\u00e4tHalle-Wittenberg, Erhalt des akademischenGrades&nbsp;&#8222;Diplompharmazeut&#8220;&#8230;<\/p>\n","protected":false},"author":1,"featured_media":0,"parent":0,"menu_order":0,"comment_status":"closed","ping_status":"closed","template":"","meta":{"ngg_post_thumbnail":0,"footnotes":""},"class_list":["post-188","page","type-page","status-publish","hentry"],"_links":{"self":[{"href":"https:\/\/landapothekerin.de\/index.php?rest_route=\/wp\/v2\/pages\/188","targetHints":{"allow":["GET"]}}],"collection":[{"href":"https:\/\/landapothekerin.de\/index.php?rest_route=\/wp\/v2\/pages"}],"about":[{"href":"https:\/\/landapothekerin.de\/index.php?rest_route=\/wp\/v2\/types\/page"}],"author":[{"embeddable":true,"href":"https:\/\/landapothekerin.de\/index.php?rest_route=\/wp\/v2\/users\/1"}],"replies":[{"embeddable":true,"href":"https:\/\/landapothekerin.de\/index.php?rest_route=%2Fwp%2Fv2%2Fcomments&post=188"}],"version-history":[{"count":25,"href":"https:\/\/landapothekerin.de\/index.php?rest_route=\/wp\/v2\/pages\/188\/revisions"}],"predecessor-version":[{"id":1670,"href":"https:\/\/landapothekerin.de\/index.php?rest_route=\/wp\/v2\/pages\/188\/revisions\/1670"}],"wp:attachment":[{"href":"https:\/\/landapothekerin.de\/index.php?rest_route=%2Fwp%2Fv2%2Fmedia&parent=188"}],"curies":[{"name":"wp","href":"https:\/\/api.w.org\/{rel}","templated":true}]}}