{"id":2,"date":"2019-08-21T22:24:26","date_gmt":"2019-08-21T20:24:26","guid":{"rendered":"http:\/\/landapothekerin.de\/?page_id=2"},"modified":"2020-01-13T20:48:35","modified_gmt":"2020-01-13T19:48:35","slug":"beispiel-seite","status":"publish","type":"page","link":"https:\/\/landapothekerin.de\/?page_id=2","title":{"rendered":"\u00dcber mich"},"content":{"rendered":"\n<h2 class=\"has-text-align-center wp-block-heading\"><\/h2>\n\n\n\n<div class=\"wp-block-image\"><figure class=\"alignleft\"><img loading=\"lazy\" decoding=\"async\" width=\"225\" height=\"300\" src=\"https:\/\/landapothekerin.de\/wp-content\/uploads\/2019\/12\/sylvarichter-225x300.jpg\" alt=\"\" class=\"wp-image-406\"\/><\/figure><\/div>\n\n\n\n<p>Ich bin Jahrgang 1964, geb\u00fcrtige Dresdnerin, verheiratet und Mutter zweier erwachsener S\u00f6hne. Im sch\u00f6nen Langebr\u00fcck habe ich mit meiner Familie seit 2008 eine wunderbare Heimat gefunden.<\/p>\n\n\n\n<p>Als Apothekerin und Heilpraktikerin erfreue ich mich an den M\u00f6glichkeiten, die mir die nahegelegene Natur f\u00fcr Erholung, Ideenfindung, Kreativit\u00e4t und Freizeit bietet.<\/p>\n\n\n\n<p>Mit dem \u201eTreffpunkt Natur und Gesundheit\u201c erf\u00fclle ich mir einen Lebenstraum &#8211; ein eigenes Seminarzentrum f\u00fcr Gesundheitsfragen zu betreiben \u2013 und so f\u00fcr Jedermann greifbarer Ansprechpartner zu sein.<\/p>\n\n\n\n<p>Besonders am Herzen liegt mir als Apothekerin, meinen Berufsstand und seine Leistungen n\u00e4her ins Bewusstsein der Bev\u00f6lkerung zu r\u00fccken und erlebbar zu gestalten.<\/p>\n","protected":false},"excerpt":{"rendered":"<p>Ich bin Jahrgang 1964, geb\u00fcrtige Dresdnerin, verheiratet und Mutter zweier erwachsener S\u00f6hne. Im sch\u00f6nen Langebr\u00fcck habe ich mit meiner Familie seit 2008 eine wunderbare Heimat gefunden. Als Apothekerin und Heilpraktikerin erfreue ich mich an den M\u00f6glichkeiten, die mir die nahegelegene&#8230;<\/p>\n","protected":false},"author":1,"featured_media":0,"parent":0,"menu_order":0,"comment_status":"closed","ping_status":"open","template":"","meta":{"ngg_post_thumbnail":0,"footnotes":""},"class_list":["post-2","page","type-page","status-publish","hentry"],"_links":{"self":[{"href":"https:\/\/landapothekerin.de\/index.php?rest_route=\/wp\/v2\/pages\/2","targetHints":{"allow":["GET"]}}],"collection":[{"href":"https:\/\/landapothekerin.de\/index.php?rest_route=\/wp\/v2\/pages"}],"about":[{"href":"https:\/\/landapothekerin.de\/index.php?rest_route=\/wp\/v2\/types\/page"}],"author":[{"embeddable":true,"href":"https:\/\/landapothekerin.de\/index.php?rest_route=\/wp\/v2\/users\/1"}],"replies":[{"embeddable":true,"href":"https:\/\/landapothekerin.de\/index.php?rest_route=%2Fwp%2Fv2%2Fcomments&post=2"}],"version-history":[{"count":23,"href":"https:\/\/landapothekerin.de\/index.php?rest_route=\/wp\/v2\/pages\/2\/revisions"}],"predecessor-version":[{"id":543,"href":"https:\/\/landapothekerin.de\/index.php?rest_route=\/wp\/v2\/pages\/2\/revisions\/543"}],"wp:attachment":[{"href":"https:\/\/landapothekerin.de\/index.php?rest_route=%2Fwp%2Fv2%2Fmedia&parent=2"}],"curies":[{"name":"wp","href":"https:\/\/api.w.org\/{rel}","templated":true}]}}