{"id":311,"date":"2019-12-25T19:18:10","date_gmt":"2019-12-25T18:18:10","guid":{"rendered":"http:\/\/landapothekerin.de\/?page_id=311"},"modified":"2019-12-28T10:31:25","modified_gmt":"2019-12-28T09:31:25","slug":"allgemeine-geschaeftsbedingungen","status":"publish","type":"page","link":"https:\/\/landapothekerin.de\/?page_id=311","title":{"rendered":"Allgemeine Gesch\u00e4ftsbedingungen"},"content":{"rendered":"\n<p><strong>1 Vertragsabschluss, Stornierung<\/strong><\/p>\n\n\n\n<p>1.1&nbsp;Mit Absenden der Anmeldung durch einen Klick auf das Feld \u201eZahlungspflichtig anmelden\u201c gibt der Kunde ein verbindliches Angebot \u00fcber den Besuch einer Veranstaltung ab. Erst mit Zuteilung und schriftliche Annahme des Angebots in Form einer Anmeldebest\u00e4tigung durch Sylva Richter an den Kunden kommt ein Vertrag zwischen dem Kunden und Sylva Richter zustande. Jede Anmeldung, ob m\u00fcndlich, telefonisch oder schriftlich bzw. per Email\/Absenden des Anmeldeformulars ist f\u00fcr den Teilnehmer verbindlich.<\/p>\n\n\n\n<p>Anmeldeschluss f\u00fcr die jeweilige Veranstaltung ist, wenn nicht anders angegeben:<\/p>\n\n\n\n<ul class=\"wp-block-list\"><li>F\u00fcr Veranstaltungen&nbsp;mit geplanter Dauer von bis zu 3 Stunden: bis 3 Tage vor Beginn<\/li><li>F\u00fcr Tageskurse und Wochenendkurse: Bis 1 Woche vor Beginn<\/li><\/ul>\n\n\n\n<p>Da die Teilnehmerzahl beschr\u00e4nkt ist, werden die Anmeldungen nach Eingangsdatum registriert. <\/p>\n\n\n\n<p><strong>2 Zahlungsmodalit\u00e4ten<\/strong><\/p>\n\n\n\n<p>2.1&nbsp;Der Gesamtpreis der Bestellung ist bei den Zahlarten \u201eRechnung\u201c nach Vertragsabschluss sofort zur Zahlung f\u00e4llig, sollte diese Zahlart angeboten werden.&nbsp;<br>2.2&nbsp;Sofern die Zahlart \u201eBarzahlung vor Ort\u201c angeboten wird, ist abweichend von 2.1 der Gesamtpreis der Bestellung am Veranstaltungstag f\u00e4llig und muss vor Beginn der Veranstaltung vor Ort bar gezahlt werden. Eine Zahlung mit Kreditkarte oder EC-Cash (EC-Karte) ist <strong>nicht<\/strong> m\u00f6glich.<\/p>\n\n\n\n<p><strong>3 Verhinderung und Stornofristen<\/strong><\/p>\n\n\n\n<p>3.1 Wenn Sie nach Erhalt der Anmeldebest\u00e4tigung an der Teilnahme der Veranstaltung verhindert sind, sind Sie berechtigt, von der Teilnahme zur\u00fcckzutreten. Der R\u00fccktritt hat schriftlich oder m\u00fcndlich gegen\u00fcber Sylva Richter zu erfolgen. Erfolgt die R\u00fccktrittserkl\u00e4rung<\/p>\n\n\n\n<ul class=\"wp-block-list\"><li>F\u00fcr Veranstaltungen&nbsp;mit geplanter Dauer von bis zu&nbsp;3 Stunden: bis 3 Tage vor Beginn<\/li><li>F\u00fcr Tageskurse und Wochenendkurse: Bis 1 Woche vor Beginn<\/li><\/ul>\n\n\n\n<p>so ist diese Stornierung f\u00fcr Sie kostenlos. Danach behalte ich mir vor, Ihnen bereits gemachte Aufwendungen in Rechnung zu stellen, mindestens jedoch 20% des angegebenen Preises der Veranstaltung.<\/p>\n\n\n\n<p>3.2 Es steht Ihnen frei, einen Ersatzteilnehmer zu benennen, der in den Vertrag in vollem Umfang eintritt. Zur Wahrung der R\u00fccktrittsfrist ist der rechtzeitige Zugang der schriftlichen Stornierung bei Sylva Richter ma\u00dfgeblich.<\/p>\n\n\n\n<p><strong>Stornierung durch Sylva Richter und h\u00f6here Gewalt:<\/strong><\/p>\n\n\n\n<p>3.3 Wird die Mindestteilnehmerzahl (in der Regel 5 Teilnehmer) unterschritten oder bestehen Gr\u00fcnde h\u00f6herer Gewalt (z.B. Ausfall des Dozenten durch Krankheit), behalten wir uns vor, die Veranstaltung abzusagen. Die Teilnehmer werden dann rechtzeitig und in geeigneter Weise verst\u00e4ndigt. Gezahlte Geb\u00fchren werden vollst\u00e4ndig erstattet. Weitergehende Anspr\u00fcche an uns sind ausgeschlossen, es sei denn, dass wir vors\u00e4tzlich oder grob fahrl\u00e4ssig gehandelt haben.<\/p>\n\n\n\n<p><strong>4 Widerrufsbelehrung<\/strong><\/p>\n\n\n\n<p>4.1&nbsp;Durch Annahme des Vertragsangebots durch Sylva Richter kommt zwischen Sylva Richter und dem Kunden ein Vertrag zur Erbringung von Dienstleistungen im Zusammenhang mit Freizeitbet\u00e4tigungen zustande, der f\u00fcr die Erbringung einen spezifischen Termin oder Zeitraum vorsieht (vgl. \u00a7 312 g Abs. 2 Nr. 9 BGB). Es besteht daher gem. \u00a7 312 g Abs. 2 Nr. 9 BGB kein Widerrufsrecht f\u00fcr den Kunden, und zwar unabh\u00e4ngig von der gew\u00e4hlten Zahlungsart. Jeder Vertragsabschluss \u00fcber den Besuch einer Veranstaltung ist damit unmittelbar nach Best\u00e4tigung gem\u00e4\u00df 2.1 durch Sylva Richter bindend und verpflichtet zur Bezahlung des Gesamtpreises.<\/p>\n\n\n\n<h2 class=\"wp-block-heading\"><strong>Datenschutz<\/strong><\/h2>\n\n\n\n<p>Personenbezogene Daten sind Informationen, mit deren Hilfe eine Person bestimmbar ist, also Angaben, die zur\u00fcck zu einer Person verfolgt werden k\u00f6nnen. Dazu geh\u00f6ren u.a. der Vor- und Zuname, die Anschrift, das Geburtsdatum, die Email-Adresse und\/oder die Telefonnummern.&nbsp;<\/p>\n\n\n\n<p>Wir verarbeiten Ihre personenbezogenen Daten unter Beachtung der EU-Datenschutzgrundverordnung (DSGVO), des Bundesdatenschutzgesetzes (BDSG) sowie aller weiteren ma\u00dfgeblichen Gesetze. Rechtsgrundlage f\u00fcr diese Verarbeitung sind vorvertragliche und vertragliche Zwecke nach Art. 6 Abs.1b DSGVO. Zwecke der Erhebung sind die Durchf\u00fchrung von Vertragsverh\u00e4ltnissen, z.B. Rechnungslegung und Veranstaltungsdurchf\u00fchrung. Soweit daf\u00fcr besondere Kategorien personenbezogener Daten erforderlich sind, holen wir Ihre Einwilligung nach Art. 9 Abs. 2a in Verbindung mit Art. 7 DSGVO ein.<\/p>\n\n\n\n<p>Ihre Daten verarbeiten wir auch, um berechtigte Interessen von uns oder von Dritten zu wahren. (Art.6 Abs.1f DSGVO). Dar\u00fcber hinaus verarbeiten wir Ihre personenbezogenen Daten zur Erf\u00fcllung gesetzlicher Verpflichtungen, wie z.B. steuerliche Aufbewahrungspflichten.<\/p>\n\n\n\n<p>Ihre Einwilligung zur Verarbeitung und Speicherung Ihrer personenbezogenen Daten, der Email-Adresse sowie deren Nutzung geben Sie mit Ihrer Anmeldung zu einer Veranstaltung und k\u00f6nnen Sie jederzeit mit Wirkung f\u00fcr die Zukunft widerrufen, per E-Mail an&nbsp;<a href=\"mailto:info@landapothekerin.de\">info@landapothekerin.de<\/a>&nbsp;oder durch formlose Mitteilung an Sylva Richter, Bruhmstra\u00dfe 4g, 01465 Dresden, Tel. 0162 565 33 66. Die Verarbeitung Ihrer Daten erfolgt entsprechend unserer&nbsp;<a aria-label=\" (\u00f6ffnet in neuem Tab)\" href=\"https:\/\/landapothekerin.de\/?page_id=303\" target=\"_blank\" rel=\"noreferrer noopener\">Datenschutzerkl\u00e4rung<\/a>.&nbsp;<\/p>\n","protected":false},"excerpt":{"rendered":"<p>1 Vertragsabschluss, Stornierung 1.1&nbsp;Mit Absenden der Anmeldung durch einen Klick auf das Feld \u201eZahlungspflichtig anmelden\u201c gibt der Kunde ein verbindliches Angebot \u00fcber den Besuch einer Veranstaltung ab. Erst mit Zuteilung und schriftliche Annahme des Angebots in Form einer Anmeldebest\u00e4tigung durch&#8230;<\/p>\n","protected":false},"author":1,"featured_media":0,"parent":0,"menu_order":0,"comment_status":"closed","ping_status":"closed","template":"","meta":{"ngg_post_thumbnail":0,"footnotes":""},"class_list":["post-311","page","type-page","status-publish","hentry"],"_links":{"self":[{"href":"https:\/\/landapothekerin.de\/index.php?rest_route=\/wp\/v2\/pages\/311","targetHints":{"allow":["GET"]}}],"collection":[{"href":"https:\/\/landapothekerin.de\/index.php?rest_route=\/wp\/v2\/pages"}],"about":[{"href":"https:\/\/landapothekerin.de\/index.php?rest_route=\/wp\/v2\/types\/page"}],"author":[{"embeddable":true,"href":"https:\/\/landapothekerin.de\/index.php?rest_route=\/wp\/v2\/users\/1"}],"replies":[{"embeddable":true,"href":"https:\/\/landapothekerin.de\/index.php?rest_route=%2Fwp%2Fv2%2Fcomments&post=311"}],"version-history":[{"count":10,"href":"https:\/\/landapothekerin.de\/index.php?rest_route=\/wp\/v2\/pages\/311\/revisions"}],"predecessor-version":[{"id":511,"href":"https:\/\/landapothekerin.de\/index.php?rest_route=\/wp\/v2\/pages\/311\/revisions\/511"}],"wp:attachment":[{"href":"https:\/\/landapothekerin.de\/index.php?rest_route=%2Fwp%2Fv2%2Fmedia&parent=311"}],"curies":[{"name":"wp","href":"https:\/\/api.w.org\/{rel}","templated":true}]}}