{"id":72,"date":"2019-08-23T10:21:11","date_gmt":"2019-08-23T08:21:11","guid":{"rendered":"http:\/\/landapothekerin.de\/?page_id=72"},"modified":"2026-02-17T20:44:37","modified_gmt":"2026-02-17T19:44:37","slug":"kleines-gesundheitszentrum","status":"publish","type":"page","link":"https:\/\/landapothekerin.de\/","title":{"rendered":"Treffpunkt Natur und Gesundheit"},"content":{"rendered":"\n<h2 class=\"wp-block-heading\">Herzlich Willkommen!<\/h2>\n\n\n<div class=\"wp-block-image\">\n<figure class=\"alignright size-medium\"><img loading=\"lazy\" decoding=\"async\" width=\"261\" height=\"300\" src=\"https:\/\/landapothekerin.de\/wp-content\/uploads\/2020\/05\/Bild_\u00dc-261x300.jpg\" alt=\"\" class=\"wp-image-849\" srcset=\"https:\/\/landapothekerin.de\/wp-content\/uploads\/2020\/05\/Bild_\u00dc-261x300.jpg 261w, https:\/\/landapothekerin.de\/wp-content\/uploads\/2020\/05\/Bild_\u00dc-768x883.jpg 768w, https:\/\/landapothekerin.de\/wp-content\/uploads\/2020\/05\/Bild_\u00dc.jpg 783w\" sizes=\"auto, (max-width: 261px) 100vw, 261px\" \/><\/figure>\n<\/div>\n\n\n<p class=\"has-text-align-left\"><strong>Der Treffpunkt Natur und Gesundheit <\/strong>mit der &#8222;Landapothekerin&#8220; Sylva Richter ist ein Begegnungszentrum f\u00fcr alle, die sich&nbsp; f\u00fcr Themen der Schulmedizin und Naturheilkunde interessieren und&nbsp;mehr f\u00fcr ihre&nbsp;Gesundheit tun m\u00f6chten. &nbsp;<\/p>\n\n\n\n<p class=\"has-text-align-left\">Hier wird in Kursen und Vortr\u00e4gen Wissen nicht nur vermittelt, sondern auch praktisch gelebt. Sei es beim Kr\u00e4uterwandern, Herstellen wirksamer Naturheilmittel, Werkeln in der Gruppe mit Naturmaterialien oder Probieren gesunder Rezepte f\u00fcr die K\u00fcche &#8211; hier ist ganzheitliche Vielfalt Programm. &nbsp;<\/p>\n\n\n\n<p><br><br><br><\/p>\n\n\n\n<p class=\"has-text-align-left\"><\/p>\n\n\n\n<p class=\"has-text-align-left\"><\/p>\n\n\n<div class=\"wp-block-image\">\n<figure class=\"alignright size-full\"><img loading=\"lazy\" decoding=\"async\" width=\"250\" height=\"177\" src=\"https:\/\/landapothekerin.de\/wp-content\/uploads\/2020\/01\/logo_mum-e1578989407780.png\" alt=\"\" class=\"wp-image-588\"\/><\/figure>\n<\/div>\n\n\n<div class=\"wp-block-group\"><div class=\"wp-block-group__inner-container is-layout-flow wp-block-group-is-layout-flow\">\n<p><strong>Anschrift:<\/strong><\/p>\n\n\n\n<p>Treffpunkt Natur und Gesundheit<br>Albert-Richter-Stra\u00dfe 7<br>01465 Langebr\u00fcck<\/p>\n<\/div><\/div>\n\n\n\n<p><\/p>\n\n\n\n<h3 class=\"wp-block-heading\">Meine Angebote<\/h3>\n\n\n\n<p><a href=\"https:\/\/landapothekerin.de\/wp-content\/uploads\/2026\/02\/Programmkalender_2026.pdf\">Programmkalender 2026<\/a><\/p>\n\n\n\n<p>Die Angebote sind ganzheitlich ausgerichtet, das hei\u00dft, neben der Wissensvermittlung ber\u00fccksichtige ich bei den Veranstaltungen wichtige Aspekte aus der klassischen Naturheilkunde, insbesondere Ern\u00e4hrung, Bewegung und Pflanzenheilkunde.<\/p>\n\n\n\n<p>Freuen Sie sich auf:<\/p>\n\n\n\n<ul class=\"wp-block-list\">\n<li><a href=\"https:\/\/landapothekerin.de\/?tribe_events_cat=infoseminare\">Infoseminare<\/a>&nbsp;zu aktuellen und interessanten Gesundheitsthemen<\/li>\n\n\n\n<li><a href=\"https:\/\/landapothekerin.de\/?tribe_events_cat=kurse-und-workshops\">Tageskurse&nbsp;und&nbsp;Wochenendworkshops<\/a>&nbsp;zu Themen speziell aus der Naturheilkunde wie Sch\u00fcssler Salze, Aromatherapie, Pflanzenheilkunde und vieles mehr; sowie Workshops&nbsp;zur Herstellung von Naturheilmitteln<\/li>\n\n\n\n<li><a href=\"https:\/\/landapothekerin.de\/?tribe_events_cat=gesundheitsangebote\">Gesundheitsangebote<\/a>&nbsp;wie Gesundheitstage, Abnehmkurse, Coachings<\/li>\n\n\n\n<li><a href=\"https:\/\/landapothekerin.de\/?tribe_events_cat=kreatives-in-der-medizin\">Kreatives&nbsp;in der Medizin<\/a> wie z.B. Malkurse<\/li>\n\n\n\n<li><a href=\"https:\/\/landapothekerin.de\/?tribe_events_cat=gesundheitssprechstunde\">die Gesundheitssprechstunde<\/a>&nbsp;mit Zeit f\u00fcr alle Fragen an die Apothekerin<\/li>\n\n\n\n<li>Veranstaltungen f\u00fcr Teams, Familien, Freunde:&nbsp;ausgefallene Programme mit der Landapothekerin<\/li>\n<\/ul>\n\n\n\n<p><\/p>\n","protected":false},"excerpt":{"rendered":"<p>Herzlich Willkommen! Der Treffpunkt Natur und Gesundheit mit der &#8222;Landapothekerin&#8220; Sylva Richter ist ein Begegnungszentrum f\u00fcr alle, die sich&nbsp; f\u00fcr Themen der Schulmedizin und Naturheilkunde interessieren und&nbsp;mehr f\u00fcr ihre&nbsp;Gesundheit tun m\u00f6chten. &nbsp; Hier wird in Kursen und Vortr\u00e4gen Wissen nicht&#8230;<\/p>\n","protected":false},"author":1,"featured_media":1605,"parent":0,"menu_order":0,"comment_status":"closed","ping_status":"closed","template":"","meta":{"ngg_post_thumbnail":0,"footnotes":""},"class_list":["post-72","page","type-page","status-publish","has-post-thumbnail","hentry"],"_links":{"self":[{"href":"https:\/\/landapothekerin.de\/index.php?rest_route=\/wp\/v2\/pages\/72","targetHints":{"allow":["GET"]}}],"collection":[{"href":"https:\/\/landapothekerin.de\/index.php?rest_route=\/wp\/v2\/pages"}],"about":[{"href":"https:\/\/landapothekerin.de\/index.php?rest_route=\/wp\/v2\/types\/page"}],"author":[{"embeddable":true,"href":"https:\/\/landapothekerin.de\/index.php?rest_route=\/wp\/v2\/users\/1"}],"replies":[{"embeddable":true,"href":"https:\/\/landapothekerin.de\/index.php?rest_route=%2Fwp%2Fv2%2Fcomments&post=72"}],"version-history":[{"count":108,"href":"https:\/\/landapothekerin.de\/index.php?rest_route=\/wp\/v2\/pages\/72\/revisions"}],"predecessor-version":[{"id":1831,"href":"https:\/\/landapothekerin.de\/index.php?rest_route=\/wp\/v2\/pages\/72\/revisions\/1831"}],"wp:featuredmedia":[{"embeddable":true,"href":"https:\/\/landapothekerin.de\/index.php?rest_route=\/wp\/v2\/media\/1605"}],"wp:attachment":[{"href":"https:\/\/landapothekerin.de\/index.php?rest_route=%2Fwp%2Fv2%2Fmedia&parent=72"}],"curies":[{"name":"wp","href":"https:\/\/api.w.org\/{rel}","templated":true}]}}