{"id":953,"date":"2020-05-23T13:20:59","date_gmt":"2020-05-23T11:20:59","guid":{"rendered":"http:\/\/landapothekerin.de\/?page_id=953"},"modified":"2020-06-04T17:39:52","modified_gmt":"2020-06-04T15:39:52","slug":"gesundheitssprechstunde","status":"publish","type":"page","link":"https:\/\/landapothekerin.de\/?page_id=953","title":{"rendered":"Gesundheitssprechstunde"},"content":{"rendered":"\n<p>Im Rahmen einer Gesundheitssprechstunde haben Sie die M\u00f6glichkeit, Ihre individuellen Fragen zu Arzneimitteln, Alternativmedizin und Nahrungserg\u00e4nzungsmitteln in ruhiger und entspannter Atmosph\u00e4re mit mir zu kl\u00e4ren. Vielleicht suchen Sie auch Optionen f\u00fcr Ihre weitere Behandlung und m\u00f6chten sich entsprechend informieren. Gern stehe ich <br>Ihnen mit meinem eigenen Wissen zur Seite oder kann Ihnen weitere Schritte der Herangehensweise empfehlen. <br><br><strong>Kosten: 29 Euro<\/strong><br><br>Bitte vereinbaren Sie einen pers\u00f6nlichen Termin unter: <strong>0162 565 33 66<\/strong><br>oder info@landapothekerin.de<\/p>\n\n\n\n<figure class=\"wp-block-image size-medium\"><img loading=\"lazy\" decoding=\"async\" width=\"300\" height=\"225\" src=\"https:\/\/landapothekerin.de\/wp-content\/uploads\/2020\/05\/IMG_20190827_163928-2-Kopie-300x225.jpg\" alt=\"\" class=\"wp-image-960\" srcset=\"https:\/\/landapothekerin.de\/wp-content\/uploads\/2020\/05\/IMG_20190827_163928-2-Kopie-300x225.jpg 300w, https:\/\/landapothekerin.de\/wp-content\/uploads\/2020\/05\/IMG_20190827_163928-2-Kopie-1024x768.jpg 1024w, https:\/\/landapothekerin.de\/wp-content\/uploads\/2020\/05\/IMG_20190827_163928-2-Kopie-768x576.jpg 768w, https:\/\/landapothekerin.de\/wp-content\/uploads\/2020\/05\/IMG_20190827_163928-2-Kopie.jpg 1200w\" sizes=\"auto, (max-width: 300px) 100vw, 300px\" \/><\/figure>\n","protected":false},"excerpt":{"rendered":"<p>Im Rahmen einer Gesundheitssprechstunde haben Sie die M\u00f6glichkeit, Ihre individuellen Fragen zu Arzneimitteln, Alternativmedizin und Nahrungserg\u00e4nzungsmitteln in ruhiger und entspannter Atmosph\u00e4re mit mir zu kl\u00e4ren. Vielleicht suchen Sie auch Optionen f\u00fcr Ihre weitere Behandlung und m\u00f6chten sich entsprechend informieren. Gern&#8230;<\/p>\n","protected":false},"author":1,"featured_media":0,"parent":0,"menu_order":0,"comment_status":"closed","ping_status":"closed","template":"","meta":{"ngg_post_thumbnail":0,"footnotes":""},"class_list":["post-953","page","type-page","status-publish","hentry"],"_links":{"self":[{"href":"https:\/\/landapothekerin.de\/index.php?rest_route=\/wp\/v2\/pages\/953","targetHints":{"allow":["GET"]}}],"collection":[{"href":"https:\/\/landapothekerin.de\/index.php?rest_route=\/wp\/v2\/pages"}],"about":[{"href":"https:\/\/landapothekerin.de\/index.php?rest_route=\/wp\/v2\/types\/page"}],"author":[{"embeddable":true,"href":"https:\/\/landapothekerin.de\/index.php?rest_route=\/wp\/v2\/users\/1"}],"replies":[{"embeddable":true,"href":"https:\/\/landapothekerin.de\/index.php?rest_route=%2Fwp%2Fv2%2Fcomments&post=953"}],"version-history":[{"count":6,"href":"https:\/\/landapothekerin.de\/index.php?rest_route=\/wp\/v2\/pages\/953\/revisions"}],"predecessor-version":[{"id":972,"href":"https:\/\/landapothekerin.de\/index.php?rest_route=\/wp\/v2\/pages\/953\/revisions\/972"}],"wp:attachment":[{"href":"https:\/\/landapothekerin.de\/index.php?rest_route=%2Fwp%2Fv2%2Fmedia&parent=953"}],"curies":[{"name":"wp","href":"https:\/\/api.w.org\/{rel}","templated":true}]}}